{"id":48,"date":"2023-02-25T17:55:00","date_gmt":"2023-02-25T16:55:00","guid":{"rendered":"http:\/\/rsc-stmartin.at\/?page_id=48"},"modified":"2025-08-21T10:10:18","modified_gmt":"2025-08-21T09:10:18","slug":"uber-uns","status":"publish","type":"page","link":"https:\/\/rsc-stmartin.at\/?page_id=48","title":{"rendered":"Allgemeines \/ \u00dcbersicht Mehrtagestouren"},"content":{"rendered":"<p>Der Radsportclub Markt St. Martin (kurz RSC Markt St. Martin) wurde im April 1994 ins Leben gerufen und ist auf den Breitensport RADFAHREN ausgerichtet.<\/p>\n<p>Der Verein, dessen T\u00e4tigkeit nicht auf Gewinn ausgerichtet ist, bezweckt die F\u00f6rderung und Aus\u00fcbung des Radsports f\u00fcr Jung und Alt. Die Veranstaltungen sind f\u00fcr alle Vereinsmitglieder gedacht.<\/p>\n<p>Der Radsportclub Markt St. Martin mit Vereinssitz \u201eM\u00fchlweg 12, 7341 Markt St. Martin, hat einen Mitgliederstand von 89 Personen und veranstaltet \u00fcber das Jahr hin einige im In- und teilweise im Ausland. Die Radtouren reichen von \u201eKurzstrecken\u201c (~ 15 km) bis hin zu \u201eausgedehnten\u201c Mehrtagestouren mit Tagesetappenl\u00e4ngen von bis zu 75 km. N\u00e4here Details finden Sie auf unserer aktuellen Jahresvorschau.<\/p>\n<p>Der RSC Markt St. Martin w\u00fcnscht ein sportreiches und unfallfreies Rad-Jahr.<\/p>\n<h2>24 Mehrtagestouren des RSC wurden bisher veranstaltet.<\/h2>\n\n\n<p>2001 &#8211; Linz &#8211; Wien (Donau &#8211; Radweg);  245 km, \u00a028\u00a0Teilnehmer<\/p>\n\n\n\n<p>2002 &#8211; Silian &#8211; Villach (Drau &#8211; Radweg);  150 km,\u00a043\u00a0Teilnehmer<\/p>\n\n\n\n<p>2003 &#8211; Murau &#8211; Graz (Mur &#8211; Radweg);  181 km, \u00a027\u00a0Teilnehmer<\/p>\n\n\n\n<p>2004 &#8211; Regensburg &#8211; Linz (Donau &#8211; Radweg);  183 km, \u00a030 Teilnehmer<\/p>\n\n\n\n<p>2005 &#8211; Wien &#8211; Budapest (Donau &#8211; Radweg);  197 km, \u00a029\u00a0Teilnehmer<\/p>\n\n\n\n<p>2006 &#8211; Villach &#8211; Lavam\u00fcnd (Drau &#8211; Radweg) ; Reichenfels &#8211; Lavam\u00fcnd (Lavant &#8211; Radweg);  206 km, 33\u00a0Teilnehmer<\/p>\n\n\n\n<p>2007 &#8211; Zwettel &#8211; Wuzelshofen (Kamp &#8211; Thaya &#8211; March &#8211; Radweg);  168 km, 41\u00a0Teilnehmer<\/p>\n\n\n\n<p>2008 &#8211; Hevlin &#8211; Neusiedl a. See (Kamp &#8211; Thaya &#8211; March &#8211; Radweg); 187 km, 27\u00a0Teilnehmer<\/p>\n\n\n\n<p>2009 &#8211; Zwettl &#8211; Wien (Kamp &#8211; Thaya &#8211; March &#8211; Radweg);  181 km, 32\u00a0Teilnehmer<\/p>\n\n\n\n<p>2010 &#8211; Balatonf\u00fcred &#8211; Balatonf\u00f6ldvar (Plattensee Radweg + Kleinbalaton);  205 km, 39\u00a0Teilnehmer<\/p>\n\n\n\n<p>2011 &#8211; Kittsee &#8211; Kalch (Burgenland &#8211; Radweg);  210 km, 41\u00a0Teilnehmer<\/p>\n\n\n\n<p>2012 &#8211; Schl\u00f6gen &#8211; Krems;  212 km, 30\u00a0Teilnehmer<\/p>\n\n\n\n<p>2013 &#8211; Judenburg &#8211; Bad Radkersburg;  237 km, 27\u00a0Teilnehmer<\/p>\n\n\n\n<p>2014 &#8211; Tarvis &#8211; Grado \/ Alpen-Adria Radweg;  185\u00a0km,38\u00a0Teilnehmer<\/p>\n\n\n\n<p>2015 &#8211; R\u00f6merradweg &#8211; Passau &#8211; Geinberg &#8211; V\u00f6cklabruck &#8211; Enns;  200 km, 30 Teilnehmer<\/p>\n\n\n\n<p>2016 &#8211; 3 Seentour &#8211; Chiemsee &#8211; Waginger See &#8211; Mondsee;  185 km, 28 Teilnehmer<\/p>\n\n\n\n<p>2017 &#8211; 3 Fl\u00fcssetour &#8211; Lafnitz &#8211; Feistritz &#8211; Raab;  174 Km, 21 Teilnehmer<\/p>\n\n\n\n<p>2018 &#8211; Die Tour fand in diesem Jahr leider nicht statt<\/p>\n\n\n\n<p>2019 &#8211; Tauernradweg; Krimml &#8211; Kaprun &#8211; Zell am See &#8211; Bad Reichenhall &#8211; Salzburg; 172 Km, 29 Teilnehmer<\/p>\n\n\n\n<p>2020 &#8211; 2 Tagestour Carnuntum &#8211; Parndorf &#8211; Neusiedl a. See &#8211; Donnerskirchen &#8211; Rust &#8211; Klingenbach &#8211; Sopron &#8211; Neckenmarkt &#8211; St. Martin; 124 Km, 31 Teilnehmer<\/p>\n\n\n\n<p>2021 &#8211; Drautalradweg: Grenze Italien\/Osttirol &#8211; Sillian &#8211; Lienz &#8211; Dellach &#8211; Greifenburg &#8211; Sachsenburg &#8211; Spittal a. d. Drau &#8211; Feistritz &#8211; Paternon &#8211; Villach &#8211; Rosegg;\u00a0 176 Km, 32 Teilnehmer<\/p>\n\n\n\n<p>2022 &#8211; Donauradweg: Regensburg &#8211; Straubing &#8211; Deggendorf &#8211; Vilshofen &#8211; Passau &#8211; Schl\u00f6gen &#8211; Aschach &#8211; Ottensheim bei Linz; 200,5 Km , 31 Teilnehmer<\/p>\n\n\n\n<p>2023 &#8211; Tour durchs n\u00f6rdliche Weinviertel in Retz &#8211; Maissau &#8211; Pulkau &#8211; CZ Satov &#8211; Hadres &#8211; Laa an der Thaya &#8211; Wildend\u00fcrnbach, 161,2 Km, 35 Teilnehmer<\/p>\n\n\n\n<p>2024 &#8211; K\u00e4rntner Seenschleife &#8211; Gailtalradweg &#8211; Ossiacher See &#8211; Drautalradweg, 168 Km, 31 Teilnehmer<\/p>\n\n\n\n<p>2025 &#8211; Moldau, &#8211; \/ Elberadweg von Prag nach Dresden, 36 Teilnehmer, 170 Km<\/p>\n","protected":false},"excerpt":{"rendered":"<p>Der Radsportclub Markt St. Martin (kurz RSC Markt St. Martin) wurde im April 1994 ins Leben gerufen und ist auf den Breitensport RADFAHREN ausgerichtet. Der Verein, dessen T\u00e4tigkeit nicht auf Gewinn ausgerichtet ist, bezweckt die F\u00f6rderung und Aus\u00fcbung des Radsports [&hellip;]<\/p>\n","protected":false},"author":4,"featured_media":0,"parent":0,"menu_order":0,"comment_status":"closed","ping_status":"closed","template":"","meta":{"ngg_post_thumbnail":0},"_links":{"self":[{"href":"https:\/\/rsc-stmartin.at\/index.php?rest_route=\/wp\/v2\/pages\/48"}],"collection":[{"href":"https:\/\/rsc-stmartin.at\/index.php?rest_route=\/wp\/v2\/pages"}],"about":[{"href":"https:\/\/rsc-stmartin.at\/index.php?rest_route=\/wp\/v2\/types\/page"}],"author":[{"embeddable":true,"href":"https:\/\/rsc-stmartin.at\/index.php?rest_route=\/wp\/v2\/users\/4"}],"replies":[{"embeddable":true,"href":"https:\/\/rsc-stmartin.at\/index.php?rest_route=%2Fwp%2Fv2%2Fcomments&post=48"}],"version-history":[{"count":25,"href":"https:\/\/rsc-stmartin.at\/index.php?rest_route=\/wp\/v2\/pages\/48\/revisions"}],"predecessor-version":[{"id":2723,"href":"https:\/\/rsc-stmartin.at\/index.php?rest_route=\/wp\/v2\/pages\/48\/revisions\/2723"}],"wp:attachment":[{"href":"https:\/\/rsc-stmartin.at\/index.php?rest_route=%2Fwp%2Fv2%2Fmedia&parent=48"}],"curies":[{"name":"wp","href":"https:\/\/api.w.org\/{rel}","templated":true}]}}