{"id":8,"date":"2023-02-23T16:04:00","date_gmt":"2023-02-23T15:04:00","guid":{"rendered":"http:\/\/rsc-stmartin.at\/?page_id=8"},"modified":"2023-09-20T09:31:42","modified_gmt":"2023-09-20T08:31:42","slug":"impressum","status":"publish","type":"page","link":"https:\/\/rsc-stmartin.at\/?page_id=8","title":{"rendered":"Impressum"},"content":{"rendered":"<h3>IMPRESSUM und OFFENLEGUNG<\/h3>\n<p>RSC Markt Stankt Martin<br \/>\nASV\u00d6 Radsportclub<br \/>\n7341 Markt Stankt Martin, M\u00fchlweg 12<\/p>\n<h4>F\u00fcr den Inhalt verantwortlich:<\/h4>\n<p>Obmann G\u00fcnther PRUNNER<br \/>\nKassier Dietmar ACHTER<\/p>\n<h4>Beitr\u00e4ge und Fotos:<\/h4>\n<p>Obmann G\u00fcnther PRUNNER bzw. Kassier Dietmar ACHTER<\/p>\n<p>Die Homepage des RSC Markt Stankt Martin dient zur<br \/>\nF\u00f6rderung und Wahrung der Vereinsinteressen, sowie als<br \/>\nInformationsplattform f\u00fcr die Mitglieder.<\/p>\n<p>Wir \u00fcbernehmen keinerlei Haftung f\u00fcr die Inhalte der mit dieser Website verkn\u00fcpften Websites oder URL&#8217;s anderer Betreiber. Weiters haften wir nicht f\u00fcr das Funktionieren von Linkverkn\u00fcpfungen jedweder Art. Der Inhalt und die Struktur dieser Website sind urheberrechtlich gesch\u00fctzt. Die \u00dcbernahme von Texten, Textteilen oder Bildmaterial bzw. die Vervielf\u00e4ltigung von Informationen oder Daten bedarf der vorherigen schriftlichen Zustimmung des Betreibers (siehe Kontaktadresse).<\/p>\n","protected":false},"excerpt":{"rendered":"<p>IMPRESSUM und OFFENLEGUNG RSC Markt Stankt Martin ASV\u00d6 Radsportclub 7341 Markt Stankt Martin, M\u00fchlweg 12 F\u00fcr den Inhalt verantwortlich: Obmann G\u00fcnther PRUNNER Kassier Dietmar ACHTER Beitr\u00e4ge und Fotos: Obmann G\u00fcnther PRUNNER bzw. Kassier Dietmar ACHTER Die Homepage des RSC Markt [&hellip;]<\/p>\n","protected":false},"author":4,"featured_media":0,"parent":0,"menu_order":0,"comment_status":"closed","ping_status":"closed","template":"","meta":{"ngg_post_thumbnail":0},"_links":{"self":[{"href":"https:\/\/rsc-stmartin.at\/index.php?rest_route=\/wp\/v2\/pages\/8"}],"collection":[{"href":"https:\/\/rsc-stmartin.at\/index.php?rest_route=\/wp\/v2\/pages"}],"about":[{"href":"https:\/\/rsc-stmartin.at\/index.php?rest_route=\/wp\/v2\/types\/page"}],"author":[{"embeddable":true,"href":"https:\/\/rsc-stmartin.at\/index.php?rest_route=\/wp\/v2\/users\/4"}],"replies":[{"embeddable":true,"href":"https:\/\/rsc-stmartin.at\/index.php?rest_route=%2Fwp%2Fv2%2Fcomments&post=8"}],"version-history":[{"count":5,"href":"https:\/\/rsc-stmartin.at\/index.php?rest_route=\/wp\/v2\/pages\/8\/revisions"}],"predecessor-version":[{"id":2533,"href":"https:\/\/rsc-stmartin.at\/index.php?rest_route=\/wp\/v2\/pages\/8\/revisions\/2533"}],"wp:attachment":[{"href":"https:\/\/rsc-stmartin.at\/index.php?rest_route=%2Fwp%2Fv2%2Fmedia&parent=8"}],"curies":[{"name":"wp","href":"https:\/\/api.w.org\/{rel}","templated":true}]}}